{"id":855,"date":"2021-08-18T09:35:38","date_gmt":"2021-08-18T07:35:38","guid":{"rendered":"https:\/\/test.sme-suisse.org\/kontakt\/"},"modified":"2025-01-21T11:39:38","modified_gmt":"2025-01-21T10:39:38","slug":"kontakt","status":"publish","type":"page","link":"https:\/\/sme-suisse.org\/de\/kontakt\/","title":{"rendered":"Kontakt"},"content":{"rendered":"<section class=\"l-section wpb_row height_auto width_full\"><div class=\"l-section-h i-cf\"><div class=\"g-cols via_flex valign_top type_default\"><div class=\"vc_col-sm-12 wpb_column vc_column_container\"><div class=\"vc_column-inner\"><div class=\"wpb_wrapper\"><div class=\"w-map provider_osm\" id=\"us_map_1\"><div class=\"w-map-json\" onclick='return {&quot;address&quot;:&quot;46.48772, 6.45809&quot;,&quot;markers&quot;:[{&quot;address&quot;:&quot;46.48772, 6.45809&quot;,&quot;html&quot;:&quot;&lt;h6&gt;SME&lt;\\\/h6&gt;&lt;p&gt;Sekretariat des Service de Missions et d&#039;Entraide&lt;\\\/p&gt;&quot;,&quot;infowindow&quot;:false}],&quot;zoom&quot;:14,&quot;height&quot;:400,&quot;style&quot;:&quot;https:\\\/\\\/{s}.tile.openstreetmap.org\\\/{z}\\\/{x}\\\/{y}.png&quot;,&quot;disableZoom&quot;:true}'><\/div><\/div><div class=\"w-separator size_medium\"><\/div><\/div><\/div><\/div><\/div><\/div><\/section><section class=\"l-section wpb_row height_medium\"><div class=\"l-section-h i-cf\"><div class=\"g-cols via_flex valign_top type_default\"><div class=\"vc_col-sm-4 wpb_column vc_column_container\"><div class=\"vc_column-inner\"><div class=\"wpb_wrapper\"><div class=\"w-iconbox iconpos_left style_default color_primary align_left\"><div class=\"w-iconbox-icon\" style=\"font-size:2rem;\"><i class=\"fas fa-map-marker-alt\"><\/i><\/div><div class=\"w-iconbox-meta\"><p class=\"w-iconbox-title\">Service de Missions et d&#8217;Entraide<\/p><div class=\"w-iconbox-text\"><p>En Glapin 8<br \/>\n1162 Saint-Prex<br \/>\nSchweiz<\/p>\n<\/div><\/div><\/div><div class=\"w-separator size_custom\" style=\"height:2rem\"><\/div><div class=\"w-iconbox iconpos_left style_default color_primary align_left no_text\"><a href=\"tel:+41218232323\" class=\"w-iconbox-link\" aria-label=\"+41 21 823 23 23\"><div class=\"w-iconbox-icon\" style=\"font-size:2rem;\"><i class=\"fas fa-phone\"><\/i><\/div><\/a><div class=\"w-iconbox-meta\"><a href=\"tel:+41218232323\" class=\"w-iconbox-link\" aria-label=\"+41 21 823 23 23\"><p class=\"w-iconbox-title\">+41 21 823 23 23<\/p><\/a><\/div><\/div><div class=\"w-separator size_custom\" style=\"height:2rem\"><\/div><div class=\"w-iconbox iconpos_left style_default color_primary align_left no_text\"><div class=\"w-iconbox-icon\" style=\"font-size:2rem;\"><i class=\"fas fa-piggy-bank\"><\/i><\/div><div class=\"w-iconbox-meta\"><p class=\"w-iconbox-title\" style=\"font-size:15px;\">IBAN: CH79 0900 0000 1200 1401 1<\/p><\/div><\/div><\/div><\/div><\/div><div class=\"vc_col-sm-8 wpb_column vc_column_container\"><div class=\"vc_column-inner\"><div class=\"wpb_wrapper\"><div class=\"wpb_text_column\"><div class=\"wpb_wrapper\"><h1>Kontaktformular<\/h1>\n<\/div><\/div><form class=\"w-form  layout_ver for_cform us_form_1\" autocomplete=\"off\" action=\"https:\/\/sme-suisse.org\/de\/wp-json\/wp\/v2\/pages\/855\" method=\"post\"><div class=\"w-form-h\"><div class=\"w-form-row for_text has_label required\">\r\n\t\t\t<div class=\"w-form-row-label\">\r\n\t\t\t<span>Vorname *<\/span>\r\n\t\t<\/div>\r\n\t\t<div class=\"w-form-row-field\">\r\n\t\t\t\t\t\t<input aria-label=\"Vorname\" type=\"text\" name=\"us_form_1_text_1\" value placeholder=\"Vorname\" data-required=\"true\" aria-required=\"true\"\/>\r\n\t\t\t<\/div>\r\n\t\t<div class=\"w-form-row-state\">Bitte f\u00fcllen Sie dieses Feld aus.<\/div>\r\n<\/div>\r\n<div class=\"w-form-row for_text has_label required\">\r\n\t\t\t<div class=\"w-form-row-label\">\r\n\t\t\t<span>Name *<\/span>\r\n\t\t<\/div>\r\n\t\t<div class=\"w-form-row-field\">\r\n\t\t\t\t\t\t<input aria-label=\"Name\" type=\"text\" name=\"us_form_1_text_2\" value placeholder=\"Name\" data-required=\"true\" aria-required=\"true\"\/>\r\n\t\t\t<\/div>\r\n\t\t<div class=\"w-form-row-state\">Bitte f\u00fcllen Sie dieses Feld aus.<\/div>\r\n<\/div>\r\n<div class=\"w-form-row for_email has_label required\">\r\n\t\t\t<div class=\"w-form-row-label\">\r\n\t\t\t<span>Email *<\/span>\r\n\t\t<\/div>\r\n\t\t<div class=\"w-form-row-field\">\r\n\t\t\t\t\t\t<input aria-label=\"Email\" type=\"email\" name=\"us_form_1_email_1\" value placeholder=\"Email\" data-required=\"true\" aria-required=\"true\"\/>\r\n\t\t\t<\/div>\r\n\t\t<div class=\"w-form-row-state\">Bitte gib eine g\u00fcltige E-Mail-Adresse ein.<\/div>\r\n<\/div>\r\n<div class=\"w-form-row for_textarea has_label required\">\r\n\t\t\t<div class=\"w-form-row-label\">\r\n\t\t\t<span>Text *<\/span>\r\n\t\t<\/div>\r\n\t\t<div class=\"w-form-row-field\">\r\n\t\t\t\t\t\t<textarea aria-label=\"Text\" name=\"us_form_1_textarea_1\" placeholder=\"Text\" data-required=\"true\" aria-required=\"true\"><\/textarea>\r\n\t\t\t<\/div>\r\n\t\t<div class=\"w-form-row-state\">Bitte f\u00fcllen Sie dieses Feld aus.<\/div>\r\n<\/div>\r\n<div class=\"w-form-row for_captcha required\">\r\n\t<div class=\"w-form-row-label\">\r\n\t\t<span> <span>27 + 10 = ?<\/span><\/span>\r\n\t<\/div>\r\n\t<div class=\"w-form-row-field\">\r\n\t\t\t\t<input type=\"hidden\" name=\"us_form_1_captcha_1_hash\" value=\"045146a4d45975db5298943f20c33978\" \/>\r\n\t\t\t\t<input aria-label=\"us_form_1_captcha_1\" type=\"text\" name=\"us_form_1_captcha_1\" placeholder data-required=\"true\" aria-required=\"true\"\/>\r\n\t\t\t<\/div>\r\n\t\t<div class=\"w-form-row-state\">Bitte geben Sie das Ergebnis ein, um fortzufahren<\/div>\r\n<\/div>\r\n<input type=\"hidden\" name=\"action\" value=\"us_ajax_cform\" \/>\r\n<input type=\"hidden\" name=\"post_id\" value=\"0\" \/>\r\n<input type=\"hidden\" name=\"form_index\" value=\"1\" \/>\r\n<div class=\"w-form-row for_submit align_none\">\r\n\t<div class=\"w-form-row-field\">\r\n\t\t<button class=\"w-btn icon_atleft us-btn-style_1\" aria-label=\"Senden\" type=\"submit\">\r\n\t\t\t<span class=\"g-preloader type_1\"><\/span>\r\n\t\t\t<i class=\"fas fa-paper-plane\"><\/i>\t\t\t<span class=\"w-btn-label\">Senden<\/span>\r\n\t\t\t\t\t<\/button>\r\n\t<\/div>\r\n<\/div>\r\n<\/div><div class=\"w-form-message\"><\/div><div class=\"w-form-json hidden\" onclick='return {&quot;ajaxurl&quot;:&quot;https:\\\/\\\/sme-suisse.org\\\/wp-admin\\\/admin-ajax.php&quot;}'><\/div><\/form><\/div><\/div><\/div><\/div><\/div><\/section>\n","protected":false},"excerpt":{"rendered":"Service de Missions et d&#8217;EntraideEn Glapin 8 1162 Saint-Prex Schweiz +41 21 823 23 23IBAN: CH79 0900 0000 1200 1401 1Kontaktformular Vorname * Bitte f\u00fcllen Sie dieses Feld aus. Name * Bitte f\u00fcllen Sie dieses Feld aus. Email * Bitte gib eine g\u00fcltige E-Mail-Adresse ein. Text * Bitte f\u00fcllen Sie dieses Feld aus. 21 +...","protected":false},"author":1,"featured_media":0,"parent":0,"menu_order":0,"comment_status":"closed","ping_status":"closed","template":"","meta":{"_acf_changed":false,"footnotes":""},"class_list":["post-855","page","type-page","status-publish","hentry"],"acf":[],"_links":{"self":[{"href":"https:\/\/sme-suisse.org\/de\/wp-json\/wp\/v2\/pages\/855","targetHints":{"allow":["GET"]}}],"collection":[{"href":"https:\/\/sme-suisse.org\/de\/wp-json\/wp\/v2\/pages"}],"about":[{"href":"https:\/\/sme-suisse.org\/de\/wp-json\/wp\/v2\/types\/page"}],"author":[{"embeddable":true,"href":"https:\/\/sme-suisse.org\/de\/wp-json\/wp\/v2\/users\/1"}],"replies":[{"embeddable":true,"href":"https:\/\/sme-suisse.org\/de\/wp-json\/wp\/v2\/comments?post=855"}],"version-history":[{"count":8,"href":"https:\/\/sme-suisse.org\/de\/wp-json\/wp\/v2\/pages\/855\/revisions"}],"predecessor-version":[{"id":883,"href":"https:\/\/sme-suisse.org\/de\/wp-json\/wp\/v2\/pages\/855\/revisions\/883"}],"wp:attachment":[{"href":"https:\/\/sme-suisse.org\/de\/wp-json\/wp\/v2\/media?parent=855"}],"curies":[{"name":"wp","href":"https:\/\/api.w.org\/{rel}","templated":true}]}}