{"id":769,"date":"2021-08-17T15:29:48","date_gmt":"2021-08-17T13:29:48","guid":{"rendered":"https:\/\/test.sme-suisse.org\/startseite\/"},"modified":"2025-02-24T16:30:31","modified_gmt":"2025-02-24T15:30:31","slug":"startseite","status":"publish","type":"page","link":"https:\/\/sme-suisse.org\/de\/","title":{"rendered":"Startseite"},"content":{"rendered":"<section class=\"l-section wpb_row banner-random height_medium color_secondary with_img\"><div class=\"l-section-img\" style=\"background-image: url(https:\/\/sme-suisse.org\/wp-content\/uploads\/2024\/12\/faire-un-don-enfants.webp);background-position: top center;background-repeat: no-repeat;\" data-img-width=\"1601\" data-img-height=\"747\"><\/div><div class=\"l-section-overlay\" style=\"background:var(--color-header-transparent-bg)\"><\/div><div class=\"l-section-h i-cf\"><div class=\"g-cols via_flex valign_top type_default\"><div class=\"vc_col-sm-6 wpb_column vc_column_container\"><div class=\"vc_column-inner\"><div class=\"wpb_wrapper\"><div class=\"w-separator size_large\"><\/div><\/div><\/div><\/div><div class=\"vc_col-sm-6 wpb_column vc_column_container\"><div class=\"vc_column-inner\"><div class=\"wpb_wrapper\"><div class=\"wpb_text_column us_custom_40cfc062\"><div class=\"wpb_wrapper\"><h1 style=\"text-align: right;\"><span style=\"color: #ffffff;\">Ausbildung:<br \/>\nessentielle Strategie f\u00fcr den Aufbau der Zukunft<\/span><\/h1>\n<\/div><\/div><div class=\"w-actionbox color_primary controls_right\"><div class=\"w-actionbox-text\"><h3 class=\"w-actionbox-title\">Unsere Projekte unterst\u00fctzen<\/h3><div class=\"w-actionbox-description\"><p style=\"text-align: left;\">Ihr engagement hier ver\u00e4ndert deren Leben dort!<\/p>\n<\/div><\/div><div class=\"w-actionbox-controls\"><a class=\"w-btn us-btn-style_2\" target=\"_blank\" href=\"https:\/\/sme-suisse.org\/de\/projekte\/\" rel=\"noopener\"><span class=\"w-btn-label\">Unsere Projekte<\/span><\/a><\/div><\/div><\/div><\/div><\/div><\/div><\/div><\/section><section class=\"l-section wpb_row height_medium\"><div class=\"l-section-h i-cf\"><div class=\"g-cols via_flex valign_top type_default\"><div class=\"vc_col-sm-12 wpb_column vc_column_container\"><div class=\"vc_column-inner\"><div class=\"wpb_wrapper\"><div class=\"wpb_text_column\"><div class=\"wpb_wrapper\"><h2 style=\"text-align: center;\">Unser T\u00e4tigkeitsbereich gliedert sich in drei Bereiche:<\/h2>\n<\/div><\/div><\/div><\/div><\/div><\/div><\/div><\/section><section class=\"l-section wpb_row height_medium\"><div class=\"l-section-h i-cf\"><div class=\"g-cols via_flex valign_top type_default\"><div class=\"vc_col-sm-4 wpb_column vc_column_container\"><div class=\"vc_column-inner\"><div class=\"wpb_wrapper\"><div class=\"w-iconbox sme-iconbox iconpos_top style_default color_primary align_center icontype_img\"><a title=\"Grundausbildung\" href=\"https:\/\/sme-suisse.org\/de\/projekte\/?filter_categorie_projet=education-de-base\" class=\"w-iconbox-link\" aria-label=\"Grundausbildung\"><div class=\"w-iconbox-icon\" style=\"font-size:100px;\"><img loading=\"lazy\" decoding=\"async\" width=\"100\" height=\"100\" src=\"https:\/\/sme-suisse.org\/wp-content\/uploads\/2021\/06\/picto-SME-education-de-base.png\" class=\"attachment-full size-full\" alt=\"SME - \u00c9ducation de base\" \/><\/div><\/a><div class=\"w-iconbox-meta\"><a title=\"Grundausbildung\" href=\"https:\/\/sme-suisse.org\/de\/projekte\/?filter_categorie_projet=education-de-base\" class=\"w-iconbox-link\" aria-label=\"Grundausbildung\"><h3 class=\"w-iconbox-title\">Grundausbildung<\/h3><\/a><div class=\"w-iconbox-text\"><p>Ein Pfeiler, auf dem man aufbauen kann.<\/p>\n<\/div><\/div><\/div><div class=\"w-separator size_large\"><\/div><\/div><\/div><\/div><div class=\"vc_col-sm-4 wpb_column vc_column_container\"><div class=\"vc_column-inner\"><div class=\"wpb_wrapper\"><div class=\"w-iconbox sme-iconbox iconpos_top style_default color_primary align_center icontype_img\"><a title=\"Berufsausbildung\" href=\"https:\/\/sme-suisse.org\/de\/projekte\/?filter_categorie_projet=formation-professionnelle\" class=\"w-iconbox-link\" aria-label=\"Formation professionnelle\"><div class=\"w-iconbox-icon\" style=\"font-size:100px;\"><img loading=\"lazy\" decoding=\"async\" width=\"100\" height=\"100\" src=\"https:\/\/sme-suisse.org\/wp-content\/uploads\/2021\/06\/picto-SME-formation-professionnelle.png\" class=\"attachment-full size-full\" alt=\"SME - formation professionnelle\" \/><\/div><\/a><div class=\"w-iconbox-meta\"><a title=\"Berufsausbildung\" href=\"https:\/\/sme-suisse.org\/de\/projekte\/?filter_categorie_projet=formation-professionnelle\" class=\"w-iconbox-link\" aria-label=\"Formation professionnelle\"><h3 class=\"w-iconbox-title\">Formation professionnelle<\/h3><\/a><div class=\"w-iconbox-text\"><p>Der Schl\u00fcssel zu einem anst\u00e4ndigen Leben.<\/p>\n<\/div><\/div><\/div><\/div><\/div><\/div><div class=\"vc_col-sm-4 wpb_column vc_column_container\"><div class=\"vc_column-inner\"><div class=\"wpb_wrapper\"><div class=\"w-iconbox sme-iconbox iconpos_top style_default color_primary align_center icontype_img\"><a title=\"Berufliche Weiterentwicklung\" href=\"https:\/\/sme-suisse.org\/de\/projekte\/?filter_categorie_projet=perfectionnement-professionnel\" class=\"w-iconbox-link\" aria-label=\"Berufliche Weiterentwicklung\"><div class=\"w-iconbox-icon\" style=\"font-size:100px;\"><img loading=\"lazy\" decoding=\"async\" width=\"100\" height=\"100\" src=\"https:\/\/sme-suisse.org\/wp-content\/uploads\/2021\/06\/picto-SME-perfectionnement-professionnel.png\" class=\"attachment-full size-full\" alt=\"SME - Perfectionnement professionnel\" \/><\/div><\/a><div class=\"w-iconbox-meta\"><a title=\"Berufliche Weiterentwicklung\" href=\"https:\/\/sme-suisse.org\/de\/projekte\/?filter_categorie_projet=perfectionnement-professionnel\" class=\"w-iconbox-link\" aria-label=\"Berufliche Weiterentwicklung\"><h3 class=\"w-iconbox-title\">Berufliche Weiterentwicklung<\/h3><\/a><div class=\"w-iconbox-text\"><p>St\u00e4rkung der Kompetenzen in der Bildung und der Gesundheit.<\/p>\n<\/div><\/div><\/div><\/div><\/div><\/div><\/div><\/div><\/section><section class=\"l-section wpb_row us_custom_c70c97eb height_medium\"><div class=\"l-section-h i-cf\"><div class=\"g-cols via_flex valign_middle type_default\"><div class=\"vc_col-sm-12 wpb_column vc_column_container\"><div class=\"vc_column-inner\"><div class=\"wpb_wrapper\"><div class=\"w-iconbox iconpos_top style_default color_primary align_center no_text\"><a href=\"https:\/\/sme-suisse.org\/category\/actualites\/\" class=\"w-iconbox-link\" aria-label=\"Neuigkeiten\"><div class=\"w-iconbox-icon\" style=\"font-size:50px;\"><i class=\"fas fa-newspaper\"><\/i><\/div><\/a><div class=\"w-iconbox-meta\"><a href=\"https:\/\/sme-suisse.org\/category\/actualites\/\" class=\"w-iconbox-link\" aria-label=\"Neuigkeiten\"><h4 class=\"w-iconbox-title\">Neuigkeiten<\/h4><\/a><\/div><\/div><div class=\"w-separator size_medium\"><\/div><div class=\"w-grid type_masonry layout_blog_classic cols_3 with_isotope\" id=\"us_grid_1\" data-filterable=\"true\"><style>#us_grid_1 .w-grid-item{padding:1rem}#us_grid_1 .w-grid-list{margin:-1rem}.w-grid + #us_grid_1 .w-grid-list{margin-top:1rem}@media (max-width:899px){#us_grid_1 .w-grid-item{width:50.0000%}}@media (max-width:599px){#us_grid_1 .w-grid-list{margin:0}#us_grid_1 .w-grid-item{width:100.0000%;padding:0;margin-bottom:1rem}}.layout_blog_classic .w-grid-item-h{}.layout_blog_classic .usg_post_image_1{margin-bottom:1rem!important}.layout_blog_classic .usg_post_title_1{font-size:1.4rem!important;margin-bottom:0.5rem!important}.layout_blog_classic .usg_hwrapper_1{color:var(--color-content-faded)!important;font-size:0.9rem!important}.layout_blog_classic .usg_post_content_1{margin-top:0.5rem!important}.layout_blog_classic .usg_btn_1{margin-top:1.5rem!important}<\/style><div class=\"w-grid-list\"><\/div><div class=\"w-grid-preloader\"><div class=\"g-preloader type_1\">\r\n\t<div><\/div>\r\n<\/div>\r\n<\/div>\t<div class=\"w-grid-json hidden\" onclick='return {&quot;action&quot;:&quot;us_ajax_grid&quot;,&quot;ajax_url&quot;:&quot;https:\\\/\\\/sme-suisse.org\\\/wp-admin\\\/admin-ajax.php&quot;,&quot;infinite_scroll&quot;:0,&quot;max_num_pages&quot;:0,&quot;pagination&quot;:&quot;none&quot;,&quot;permalink_url&quot;:&quot;https:\\\/\\\/sme-suisse.org\\\/de\\\/wp-json\\\/wp\\\/v2\\\/pages\\\/769\\\/&quot;,&quot;template_vars&quot;:{&quot;columns&quot;:&quot;3&quot;,&quot;exclude_items&quot;:&quot;none&quot;,&quot;img_size&quot;:&quot;default&quot;,&quot;ignore_items_size&quot;:&quot;1&quot;,&quot;items_layout&quot;:&quot;blog_classic&quot;,&quot;items_offset&quot;:&quot;1&quot;,&quot;load_animation&quot;:&quot;none&quot;,&quot;overriding_link&quot;:&quot;none&quot;,&quot;post_id&quot;:769,&quot;query_args&quot;:{&quot;post_type&quot;:[&quot;post&quot;],&quot;tax_query&quot;:[{&quot;taxonomy&quot;:&quot;category&quot;,&quot;field&quot;:&quot;slug&quot;,&quot;terms&quot;:[&quot;actualites&quot;]}],&quot;post_status&quot;:[&quot;publish&quot;,&quot;acf-disabled&quot;],&quot;posts_per_page&quot;:&quot;3&quot;},&quot;orderby_query_args&quot;:{&quot;orderby&quot;:{&quot;date&quot;:&quot;DESC&quot;}},&quot;type&quot;:&quot;masonry&quot;,&quot;us_grid_ajax_index&quot;:1,&quot;us_grid_filter_params&quot;:null,&quot;us_grid_index&quot;:1,&quot;_us_grid_post_type&quot;:&quot;post&quot;,&quot;lang&quot;:&quot;de&quot;}}'><\/div>\r\n\t<h4 class=\"w-grid-none\">Es wurden keine Ergebnisse gefunden.<\/h4><\/div><div class=\"w-separator size_large\"><\/div><div class=\"w-iconbox us_custom_a683bf47 iconpos_top style_default color_primary align_center no_text\"><a title=\"SME Pr\u00e4sentation\" href=\"https:\/\/youtu.be\/_t1vm6j4dvg\" class=\"w-iconbox-link\" aria-label=\"Pr\u00e4sentationsvideo des SME\"><div class=\"w-iconbox-icon\" style=\"font-size:100px;\"><i class=\"fas fa-video\"><\/i><\/div><\/a><div class=\"w-iconbox-meta\"><a title=\"SME Pr\u00e4sentation\" href=\"https:\/\/youtu.be\/_t1vm6j4dvg\" class=\"w-iconbox-link\" aria-label=\"Pr\u00e4sentationsvideo des SME\"><h4 class=\"w-iconbox-title\">Pr\u00e4sentationsvideo des SME<\/h4><\/a><\/div><\/div><div class=\"w-separator size_medium\"><\/div><div class=\"w-video align_none ratio_16x9\"><div class=\"w-video-h\"><iframe src=\"\/\/www.youtube.com\/embed\/_t1vm6j4dvg?autoplay=0&controls=1&origin=https%3A%2F%2Fsme-suisse.org\" allowfullscreen=\"1\"><\/iframe><\/div><div class=\"w-video-icon\" style=\"font-size:1.5rem;background:rgba(0,0,0,0.5);color:#fff;\"><\/div><\/div><\/div><\/div><\/div><\/div><\/div><\/section><section class=\"l-section wpb_row height_medium\"><div class=\"l-section-h i-cf\"><div class=\"g-cols via_flex valign_top type_default\"><div class=\"vc_col-sm-12 wpb_column vc_column_container\"><div class=\"vc_column-inner\"><div class=\"wpb_wrapper\"><\/div><\/div><\/div><\/div><\/div><\/section><section class=\"l-section wpb_row height_medium\"><div class=\"l-section-h i-cf\"><div class=\"g-cols via_flex valign_top type_default\"><div class=\"vc_col-sm-12 wpb_column vc_column_container\"><div class=\"vc_column-inner\"><div class=\"wpb_wrapper\"><\/div><\/div><\/div><\/div><\/div><\/section>\n","protected":false},"excerpt":{"rendered":"Ausbildung: essentielle Strategie f\u00fcr den Aufbau der Zukunft Unsere Projekte unterst\u00fctzenIhr engagement hier ver\u00e4ndert deren Leben dort! Unsere ProjekteUnser T\u00e4tigkeitsbereich gliedert sich in drei Bereiche: GrundausbildungEin Pfeiler, auf dem man aufbauen kann. Formation professionnelleDer Schl\u00fcssel zu einem anst\u00e4ndigen Leben. Berufliche WeiterentwicklungSt\u00e4rkung der Kompetenzen in der Bildung und der Gesundheit. Neuigkeiten Es wurden keine Ergebnisse gefunden.Pr\u00e4sentationsvideo...","protected":false},"author":1,"featured_media":0,"parent":0,"menu_order":0,"comment_status":"closed","ping_status":"closed","template":"","meta":{"_acf_changed":false,"footnotes":""},"class_list":["post-769","page","type-page","status-publish","hentry"],"acf":[],"_links":{"self":[{"href":"https:\/\/sme-suisse.org\/de\/wp-json\/wp\/v2\/pages\/769","targetHints":{"allow":["GET"]}}],"collection":[{"href":"https:\/\/sme-suisse.org\/de\/wp-json\/wp\/v2\/pages"}],"about":[{"href":"https:\/\/sme-suisse.org\/de\/wp-json\/wp\/v2\/types\/page"}],"author":[{"embeddable":true,"href":"https:\/\/sme-suisse.org\/de\/wp-json\/wp\/v2\/users\/1"}],"replies":[{"embeddable":true,"href":"https:\/\/sme-suisse.org\/de\/wp-json\/wp\/v2\/comments?post=769"}],"version-history":[{"count":21,"href":"https:\/\/sme-suisse.org\/de\/wp-json\/wp\/v2\/pages\/769\/revisions"}],"predecessor-version":[{"id":3113,"href":"https:\/\/sme-suisse.org\/de\/wp-json\/wp\/v2\/pages\/769\/revisions\/3113"}],"wp:attachment":[{"href":"https:\/\/sme-suisse.org\/de\/wp-json\/wp\/v2\/media?parent=769"}],"curies":[{"name":"wp","href":"https:\/\/api.w.org\/{rel}","templated":true}]}}